{"id":4200,"date":"2021-02-25T07:51:51","date_gmt":"2021-02-25T06:51:51","guid":{"rendered":"http:\/\/menjarsroseta.cat\/?page_id=4200"},"modified":"2023-06-17T19:20:41","modified_gmt":"2023-06-17T18:20:41","slug":"pesol-garrofal","status":"publish","type":"page","link":"https:\/\/menjarsroseta.cat\/es\/pesol-garrofal\/","title":{"rendered":"GUISANTE \u00abGARROFAL\u00bb"},"content":{"rendered":"<p><\/p>\n<header class=\"entry-header\">\n<h1 class=\"entry-title\">Guisantes \u00abGarrofals\u00bb de Llavaneres<\/h1>\n<\/header>\n<div class=\"entry-content\">\n<p style=\"text-align: justify;\">Cada a\u00f1o durante los meses de marzo i abril llega la temporada del guisante \u00abgarrofal\u00bb de Llavaneres.<\/p>\n<p>El guisante \u00abgarrofal\u00bb de Llavaneres est\u00e1 distinguido con una <span style=\"font-family: 'arial black', sans-serif;\">marca de garantia de calidad<\/span>, que solo obtienen las huertas del t\u00e9rmino municipal de Sant Andreu de Llavaneres.<\/p>\n<p>&nbsp; &nbsp; &nbsp; &nbsp; &nbsp; &nbsp; &nbsp; &nbsp; &nbsp; &nbsp; &nbsp; &nbsp; &nbsp; &nbsp; <img loading=\"lazy\" decoding=\"async\" class=\"alignnone size-medium wp-image-3616\" src=\"http:\/\/menjarsroseta.cat\/wp-content\/uploads\/2016\/04\/pesolllavaneres-3-300x199.jpg\" alt=\"\" width=\"300\" height=\"199\" srcset=\"https:\/\/menjarsroseta.cat\/wp-content\/uploads\/2016\/04\/pesolllavaneres-3-300x199.jpg 300w, https:\/\/menjarsroseta.cat\/wp-content\/uploads\/2016\/04\/pesolllavaneres-3-600x398.jpg 600w, https:\/\/menjarsroseta.cat\/wp-content\/uploads\/2016\/04\/pesolllavaneres-3-768x509.jpg 768w, https:\/\/menjarsroseta.cat\/wp-content\/uploads\/2016\/04\/pesolllavaneres-3-1024x679.jpg 1024w, https:\/\/menjarsroseta.cat\/wp-content\/uploads\/2016\/04\/pesolllavaneres-3-528x350.jpg 528w\" sizes=\"auto, (max-width: 300px) 100vw, 300px\" \/>&nbsp; <img loading=\"lazy\" decoding=\"async\" class=\"alignnone size-full wp-image-3617\" src=\"http:\/\/menjarsroseta.cat\/wp-content\/uploads\/2016\/04\/pesolstavella.jpg\" alt=\"\" width=\"250\" height=\"201\"><\/p>\n<p style=\"text-align: justify;\">Las primeras noticias precisas sobre el guisante en Llavaneres datan del s. XVII. Francisco Zamora testimonia, en el libro Diario de los Viajes y Hechos en Catalu\u00f1a, la presencia de guisantes tempranos en las cercan\u00edas de Matar\u00f3, que se destinan a la comercializaci\u00f3n en Barcelona desde la mitad del invierno. Las referencias perduran durante los siglos XIX y XX. Durante los a\u00f1os treinta, hay constancia del vigor de la producci\u00f3n de guisantes y de la exportaci\u00f3n de este producto a Francia. <span style=\"font-size: 10pt;\"><em>(Fuente web del Ayuntamiento de Llavaneres).<\/em><\/span><\/p>\n<p style=\"text-align: justify;\">De guisantes hay diversas variedades, y de entre ellas el guisante de la \u00abfloreta\u00bb (que se cultiva en el Maresme) es muy reconocida. En Llavaneres, se cultiva el llamado Guisante \u00abgarrofal\u00bb, se trata de una variedad que se produc\u00eda en los campos de algarrobos i se considera que propici\u00f3 una adaptaci\u00f3n espec\u00edfica a la zona. Su principal rasgo diferenciador es su gran dulzura. Se siembra en el mes de octubre en terrenos sil\u00edceos y arenosos. La semilla que se utiliza, la producen los mismos agricultores del pueblo. A principios&nbsp; de marzo comienza la cosecha, que se alarga durante uno o dos meses. Su calidad ha hecho que sea altamente reconocido en el mundo de la agricultura y de la restauraci\u00f3n.<\/p>\n<p style=\"text-align: justify;\">Sin duda es un producto a conservar y promocionar y, en Llavaneres, los productores locales a\u00f1o tras a\u00f1o abastecen los mejores restaurantes. En Menjars Roseta somos afortunados de disfrutar de un producto como \u00e9ste y tener la suerte de saberlo cocinar de una forma muy particular, tal como nos ense\u00f1aron nuestra abuela y nuestros padres.<\/p>\n<\/div>\n<div class=\"entry-content\">\n<div id=\"attachment_222\" class=\"wp-caption alignnone\" data-shortcode=\"caption\">\n<p><img loading=\"lazy\" decoding=\"async\" class=\"alignnone size-medium wp-image-4172\" src=\"http:\/\/menjarsroseta.cat\/wp-content\/uploads\/2021\/02\/pesols5-Copiar-300x197.jpg\" alt=\"\" width=\"300\" height=\"197\">&nbsp; &nbsp;<img loading=\"lazy\" decoding=\"async\" class=\"alignnone size-medium wp-image-3612\" src=\"http:\/\/menjarsroseta.cat\/wp-content\/uploads\/2016\/04\/pesols4-300x225.jpg\" alt=\"\" width=\"300\" height=\"225\" srcset=\"https:\/\/menjarsroseta.cat\/wp-content\/uploads\/2016\/04\/pesols4-300x225.jpg 300w, https:\/\/menjarsroseta.cat\/wp-content\/uploads\/2016\/04\/pesols4-600x450.jpg 600w, https:\/\/menjarsroseta.cat\/wp-content\/uploads\/2016\/04\/pesols4-768x576.jpg 768w, https:\/\/menjarsroseta.cat\/wp-content\/uploads\/2016\/04\/pesols4-1024x768.jpg 1024w, https:\/\/menjarsroseta.cat\/wp-content\/uploads\/2016\/04\/pesols4-467x350.jpg 467w, https:\/\/menjarsroseta.cat\/wp-content\/uploads\/2016\/04\/pesols4-500x375.jpg 500w, https:\/\/menjarsroseta.cat\/wp-content\/uploads\/2016\/04\/pesols4.jpg 1152w\" sizes=\"auto, (max-width: 300px) 100vw, 300px\" \/><\/p>\n<p><a href=\"https:\/\/menjarsroseta.wordpress.com\/galeria\/imag0151\/\" rel=\"attachment wp-att-222\"><img loading=\"lazy\" decoding=\"async\" class=\"aligncenter wp-image-222 size-large\" src=\"https:\/\/menjarsroseta.files.wordpress.com\/2013\/05\/imag0151.jpg?w=593&amp;h=395\" alt=\"\" width=\"593\" height=\"395\"><\/a><\/p>\n<\/div>\n<div id=\"attachment_219\" class=\"wp-caption alignleft\" style=\"text-align: justify;\" data-shortcode=\"caption\">Los productores, restauradores y comerciantes del pueblo debemos estar contentos de que productos como este nos identifiquen y nos ayuden a proyectar nuestra imagen y trabajo hacia el resto de la comarca, e incluso, de la provincia. Entre todos hacemos lo posible para conservar un activo y un patrimonio tan valioso que nos diferencia y nos ayuda a ser mejores..<\/div>\n<div data-shortcode=\"caption\">&nbsp;<\/div>\n<div class=\"wp-caption alignnone\" data-shortcode=\"caption\">\n<p><a href=\"https:\/\/menjarsroseta.wordpress.com\/galeria\/imag0147\/\" rel=\"attachment wp-att-219\"><img loading=\"lazy\" decoding=\"async\" class=\"aligncenter wp-image-219 size-large\" src=\"https:\/\/menjarsroseta.files.wordpress.com\/2013\/05\/imag0147.jpg?w=593&amp;h=395\" alt=\"\" width=\"593\" height=\"395\"><\/a><\/p>\n<p><a href=\"https:\/\/menjarsroseta.wordpress.com\/galeria\/imag0147\/\" rel=\"attachment wp-att-219\"><img loading=\"lazy\" decoding=\"async\" class=\"size-medium wp-image-3610 aligncenter\" src=\"http:\/\/menjarsroseta.cat\/wp-content\/uploads\/2016\/04\/pesols1-300x225.jpg\" alt=\"\" width=\"300\" height=\"225\" srcset=\"https:\/\/menjarsroseta.cat\/wp-content\/uploads\/2016\/04\/pesols1-300x225.jpg 300w, https:\/\/menjarsroseta.cat\/wp-content\/uploads\/2016\/04\/pesols1-600x450.jpg 600w, https:\/\/menjarsroseta.cat\/wp-content\/uploads\/2016\/04\/pesols1-768x576.jpg 768w, https:\/\/menjarsroseta.cat\/wp-content\/uploads\/2016\/04\/pesols1-1024x768.jpg 1024w, https:\/\/menjarsroseta.cat\/wp-content\/uploads\/2016\/04\/pesols1-467x350.jpg 467w, https:\/\/menjarsroseta.cat\/wp-content\/uploads\/2016\/04\/pesols1-500x375.jpg 500w, https:\/\/menjarsroseta.cat\/wp-content\/uploads\/2016\/04\/pesols1.jpg 2048w\" sizes=\"auto, (max-width: 300px) 100vw, 300px\" \/><\/a><\/p>\n<\/div>\n<p>En la Roseta cada a\u00f1o trabajamos para hacer realidad el deseo de los clientes que nos los han encargado. El hecho de ser un producto tan apreciado y fuertemente demandado durante la temporada, hace que los preparemos solo por riguroso encargo.<\/p>\n<p>El resultado final se puede ver en la siguiente imagen:<\/p>\n<div id=\"attachment_123\" class=\"wp-caption alignnone\" data-shortcode=\"caption\">\n<p><img loading=\"lazy\" decoding=\"async\" class=\"aligncenter wp-image-3454 size-large\" src=\"http:\/\/menjarsroseta.cat\/wp-content\/uploads\/2016\/04\/IMG_2048-Copiar1-1024x768.jpg\" alt=\"IMG_2048 (Copiar)1\" width=\"784\" height=\"588\" srcset=\"https:\/\/menjarsroseta.cat\/wp-content\/uploads\/2016\/04\/IMG_2048-Copiar1.jpg 1024w, https:\/\/menjarsroseta.cat\/wp-content\/uploads\/2016\/04\/IMG_2048-Copiar1-600x450.jpg 600w, https:\/\/menjarsroseta.cat\/wp-content\/uploads\/2016\/04\/IMG_2048-Copiar1-300x225.jpg 300w, https:\/\/menjarsroseta.cat\/wp-content\/uploads\/2016\/04\/IMG_2048-Copiar1-768x576.jpg 768w, https:\/\/menjarsroseta.cat\/wp-content\/uploads\/2016\/04\/IMG_2048-Copiar1-467x350.jpg 467w, https:\/\/menjarsroseta.cat\/wp-content\/uploads\/2016\/04\/IMG_2048-Copiar1-500x375.jpg 500w\" sizes=\"auto, (max-width: 784px) 100vw, 784px\" \/><\/p>\n<\/div>\n<\/div>\n<p><\/p>","protected":false},"excerpt":{"rendered":"<p>Guisantes \u00abGarrofals\u00bb de Llavaneres Cada a\u00f1o durante los meses de marzo i abril llega la temporada del guisante \u00abgarrofal\u00bb de <a class=\"read-more\" href=\"https:\/\/menjarsroseta.cat\/es\/pesol-garrofal\/\">Read More&#8230;<\/a><\/p>\n","protected":false},"author":3,"featured_media":0,"parent":0,"menu_order":6,"comment_status":"closed","ping_status":"closed","template":"page-fullwidth.php","meta":{"ngg_post_thumbnail":0,"footnotes":""},"class_list":["post-4200","page","type-page","status-publish","hentry"],"yoast_head":"<!-- This site is optimized with the Yoast SEO plugin v26.7 - https:\/\/yoast.com\/wordpress\/plugins\/seo\/ -->\n<title>GUISANTE &quot;GARROFAL&quot; - Menjars Roseta<\/title>\n<meta name=\"robots\" content=\"index, follow, max-snippet:-1, max-image-preview:large, max-video-preview:-1\" \/>\n<link rel=\"canonical\" href=\"https:\/\/lavender-partridge-477004.hostingersite.com\/pesol-garrofal\/\" \/>\n<meta property=\"og:locale\" content=\"es_ES\" \/>\n<meta property=\"og:type\" content=\"article\" \/>\n<meta property=\"og:title\" content=\"GUISANTE &quot;GARROFAL&quot; - Menjars Roseta\" \/>\n<meta property=\"og:description\" content=\"Guisantes \u00abGarrofals\u00bb de Llavaneres Cada a\u00f1o durante los meses de marzo i abril llega la temporada del guisante \u00abgarrofal\u00bb de Read More...\" \/>\n<meta property=\"og:url\" content=\"https:\/\/lavender-partridge-477004.hostingersite.com\/pesol-garrofal\/\" \/>\n<meta property=\"og:site_name\" content=\"Menjars Roseta\" \/>\n<meta property=\"article:publisher\" content=\"https:\/\/www.facebook.com\/profile.php?id=100010652077876&amp;fref=ts\" \/>\n<meta property=\"article:modified_time\" content=\"2023-06-17T18:20:41+00:00\" \/>\n<meta property=\"og:image\" content=\"http:\/\/menjarsroseta.cat\/wp-content\/uploads\/2016\/04\/pesolllavaneres-3-300x199.jpg\" \/>\n<meta name=\"twitter:card\" content=\"summary_large_image\" \/>\n<meta name=\"twitter:label1\" content=\"Tiempo de lectura\" \/>\n\t<meta name=\"twitter:data1\" content=\"5 minutos\" \/>\n<script type=\"application\/ld+json\" class=\"yoast-schema-graph\">{\"@context\":\"https:\/\/schema.org\",\"@graph\":[{\"@type\":\"WebPage\",\"@id\":\"https:\/\/lavender-partridge-477004.hostingersite.com\/pesol-garrofal\/\",\"url\":\"https:\/\/lavender-partridge-477004.hostingersite.com\/pesol-garrofal\/\",\"name\":\"GUISANTE \\\"GARROFAL\\\" - Menjars Roseta\",\"isPartOf\":{\"@id\":\"https:\/\/lavender-partridge-477004.hostingersite.com\/#website\"},\"primaryImageOfPage\":{\"@id\":\"https:\/\/lavender-partridge-477004.hostingersite.com\/pesol-garrofal\/#primaryimage\"},\"image\":{\"@id\":\"https:\/\/lavender-partridge-477004.hostingersite.com\/pesol-garrofal\/#primaryimage\"},\"thumbnailUrl\":\"http:\/\/menjarsroseta.cat\/wp-content\/uploads\/2016\/04\/pesolllavaneres-3-300x199.jpg\",\"datePublished\":\"2021-02-25T06:51:51+00:00\",\"dateModified\":\"2023-06-17T18:20:41+00:00\",\"breadcrumb\":{\"@id\":\"https:\/\/lavender-partridge-477004.hostingersite.com\/pesol-garrofal\/#breadcrumb\"},\"inLanguage\":\"es\",\"potentialAction\":[{\"@type\":\"ReadAction\",\"target\":[\"https:\/\/lavender-partridge-477004.hostingersite.com\/pesol-garrofal\/\"]}]},{\"@type\":\"ImageObject\",\"inLanguage\":\"es\",\"@id\":\"https:\/\/lavender-partridge-477004.hostingersite.com\/pesol-garrofal\/#primaryimage\",\"url\":\"http:\/\/menjarsroseta.cat\/wp-content\/uploads\/2016\/04\/pesolllavaneres-3-300x199.jpg\",\"contentUrl\":\"http:\/\/menjarsroseta.cat\/wp-content\/uploads\/2016\/04\/pesolllavaneres-3-300x199.jpg\"},{\"@type\":\"BreadcrumbList\",\"@id\":\"https:\/\/lavender-partridge-477004.hostingersite.com\/pesol-garrofal\/#breadcrumb\",\"itemListElement\":[{\"@type\":\"ListItem\",\"position\":1,\"name\":\"Inici\",\"item\":\"https:\/\/menjarsroseta.cat\/\"},{\"@type\":\"ListItem\",\"position\":2,\"name\":\"P\u00c8SOL GARROFAL\"}]},{\"@type\":\"WebSite\",\"@id\":\"https:\/\/lavender-partridge-477004.hostingersite.com\/#website\",\"url\":\"https:\/\/lavender-partridge-477004.hostingersite.com\/\",\"name\":\"Menjars Roseta\",\"description\":\"Menjars per emportar\",\"publisher\":{\"@id\":\"https:\/\/lavender-partridge-477004.hostingersite.com\/#organization\"},\"potentialAction\":[{\"@type\":\"SearchAction\",\"target\":{\"@type\":\"EntryPoint\",\"urlTemplate\":\"https:\/\/lavender-partridge-477004.hostingersite.com\/?s={search_term_string}\"},\"query-input\":{\"@type\":\"PropertyValueSpecification\",\"valueRequired\":true,\"valueName\":\"search_term_string\"}}],\"inLanguage\":\"es\"},{\"@type\":\"Organization\",\"@id\":\"https:\/\/lavender-partridge-477004.hostingersite.com\/#organization\",\"name\":\"Menjars Roseta\",\"url\":\"https:\/\/lavender-partridge-477004.hostingersite.com\/\",\"logo\":{\"@type\":\"ImageObject\",\"inLanguage\":\"es\",\"@id\":\"https:\/\/lavender-partridge-477004.hostingersite.com\/#\/schema\/logo\/image\/\",\"url\":\"https:\/\/menjarsroseta.cat\/wp-content\/uploads\/2016\/03\/logo.jpg\",\"contentUrl\":\"https:\/\/menjarsroseta.cat\/wp-content\/uploads\/2016\/03\/logo.jpg\",\"width\":200,\"height\":77,\"caption\":\"Menjars Roseta\"},\"image\":{\"@id\":\"https:\/\/lavender-partridge-477004.hostingersite.com\/#\/schema\/logo\/image\/\"},\"sameAs\":[\"https:\/\/www.facebook.com\/profile.php?id=100010652077876&fref=ts\"]}]}<\/script>\n<!-- \/ Yoast SEO plugin. -->","yoast_head_json":{"title":"GUISANTE \"GARROFAL\" - Menjars Roseta","robots":{"index":"index","follow":"follow","max-snippet":"max-snippet:-1","max-image-preview":"max-image-preview:large","max-video-preview":"max-video-preview:-1"},"canonical":"https:\/\/lavender-partridge-477004.hostingersite.com\/pesol-garrofal\/","og_locale":"es_ES","og_type":"article","og_title":"GUISANTE \"GARROFAL\" - Menjars Roseta","og_description":"Guisantes \u00abGarrofals\u00bb de Llavaneres Cada a\u00f1o durante los meses de marzo i abril llega la temporada del guisante \u00abgarrofal\u00bb de Read More...","og_url":"https:\/\/lavender-partridge-477004.hostingersite.com\/pesol-garrofal\/","og_site_name":"Menjars Roseta","article_publisher":"https:\/\/www.facebook.com\/profile.php?id=100010652077876&fref=ts","article_modified_time":"2023-06-17T18:20:41+00:00","og_image":[{"url":"http:\/\/menjarsroseta.cat\/wp-content\/uploads\/2016\/04\/pesolllavaneres-3-300x199.jpg","type":"","width":"","height":""}],"twitter_card":"summary_large_image","twitter_misc":{"Tiempo de lectura":"5 minutos"},"schema":{"@context":"https:\/\/schema.org","@graph":[{"@type":"WebPage","@id":"https:\/\/lavender-partridge-477004.hostingersite.com\/pesol-garrofal\/","url":"https:\/\/lavender-partridge-477004.hostingersite.com\/pesol-garrofal\/","name":"GUISANTE \"GARROFAL\" - Menjars Roseta","isPartOf":{"@id":"https:\/\/lavender-partridge-477004.hostingersite.com\/#website"},"primaryImageOfPage":{"@id":"https:\/\/lavender-partridge-477004.hostingersite.com\/pesol-garrofal\/#primaryimage"},"image":{"@id":"https:\/\/lavender-partridge-477004.hostingersite.com\/pesol-garrofal\/#primaryimage"},"thumbnailUrl":"http:\/\/menjarsroseta.cat\/wp-content\/uploads\/2016\/04\/pesolllavaneres-3-300x199.jpg","datePublished":"2021-02-25T06:51:51+00:00","dateModified":"2023-06-17T18:20:41+00:00","breadcrumb":{"@id":"https:\/\/lavender-partridge-477004.hostingersite.com\/pesol-garrofal\/#breadcrumb"},"inLanguage":"es","potentialAction":[{"@type":"ReadAction","target":["https:\/\/lavender-partridge-477004.hostingersite.com\/pesol-garrofal\/"]}]},{"@type":"ImageObject","inLanguage":"es","@id":"https:\/\/lavender-partridge-477004.hostingersite.com\/pesol-garrofal\/#primaryimage","url":"http:\/\/menjarsroseta.cat\/wp-content\/uploads\/2016\/04\/pesolllavaneres-3-300x199.jpg","contentUrl":"http:\/\/menjarsroseta.cat\/wp-content\/uploads\/2016\/04\/pesolllavaneres-3-300x199.jpg"},{"@type":"BreadcrumbList","@id":"https:\/\/lavender-partridge-477004.hostingersite.com\/pesol-garrofal\/#breadcrumb","itemListElement":[{"@type":"ListItem","position":1,"name":"Inici","item":"https:\/\/menjarsroseta.cat\/"},{"@type":"ListItem","position":2,"name":"P\u00c8SOL GARROFAL"}]},{"@type":"WebSite","@id":"https:\/\/lavender-partridge-477004.hostingersite.com\/#website","url":"https:\/\/lavender-partridge-477004.hostingersite.com\/","name":"Menjars Roseta","description":"Menjars per emportar","publisher":{"@id":"https:\/\/lavender-partridge-477004.hostingersite.com\/#organization"},"potentialAction":[{"@type":"SearchAction","target":{"@type":"EntryPoint","urlTemplate":"https:\/\/lavender-partridge-477004.hostingersite.com\/?s={search_term_string}"},"query-input":{"@type":"PropertyValueSpecification","valueRequired":true,"valueName":"search_term_string"}}],"inLanguage":"es"},{"@type":"Organization","@id":"https:\/\/lavender-partridge-477004.hostingersite.com\/#organization","name":"Menjars Roseta","url":"https:\/\/lavender-partridge-477004.hostingersite.com\/","logo":{"@type":"ImageObject","inLanguage":"es","@id":"https:\/\/lavender-partridge-477004.hostingersite.com\/#\/schema\/logo\/image\/","url":"https:\/\/menjarsroseta.cat\/wp-content\/uploads\/2016\/03\/logo.jpg","contentUrl":"https:\/\/menjarsroseta.cat\/wp-content\/uploads\/2016\/03\/logo.jpg","width":200,"height":77,"caption":"Menjars Roseta"},"image":{"@id":"https:\/\/lavender-partridge-477004.hostingersite.com\/#\/schema\/logo\/image\/"},"sameAs":["https:\/\/www.facebook.com\/profile.php?id=100010652077876&fref=ts"]}]}},"_links":{"self":[{"href":"https:\/\/menjarsroseta.cat\/es\/wp-json\/wp\/v2\/pages\/4200","targetHints":{"allow":["GET"]}}],"collection":[{"href":"https:\/\/menjarsroseta.cat\/es\/wp-json\/wp\/v2\/pages"}],"about":[{"href":"https:\/\/menjarsroseta.cat\/es\/wp-json\/wp\/v2\/types\/page"}],"author":[{"embeddable":true,"href":"https:\/\/menjarsroseta.cat\/es\/wp-json\/wp\/v2\/users\/3"}],"replies":[{"embeddable":true,"href":"https:\/\/menjarsroseta.cat\/es\/wp-json\/wp\/v2\/comments?post=4200"}],"version-history":[{"count":9,"href":"https:\/\/menjarsroseta.cat\/es\/wp-json\/wp\/v2\/pages\/4200\/revisions"}],"predecessor-version":[{"id":4585,"href":"https:\/\/menjarsroseta.cat\/es\/wp-json\/wp\/v2\/pages\/4200\/revisions\/4585"}],"wp:attachment":[{"href":"https:\/\/menjarsroseta.cat\/es\/wp-json\/wp\/v2\/media?parent=4200"}],"curies":[{"name":"wp","href":"https:\/\/api.w.org\/{rel}","templated":true}]}}